{"id":1902,"date":"2023-04-16T21:22:48","date_gmt":"2023-04-16T19:22:48","guid":{"rendered":"https:\/\/bobita.hu\/?page_id=1902"},"modified":"2023-11-24T13:34:44","modified_gmt":"2023-11-24T12:34:44","slug":"vendegeloadasok","status":"publish","type":"page","link":"https:\/\/bobita.hu\/en\/eloadasaink\/vendegeloadasok\/","title":{"rendered":"Vend\u00e9gel\u0151ad\u00e1sok"},"content":{"rendered":"<div data-elementor-type=\"wp-page\" data-elementor-id=\"1902\" class=\"elementor elementor-1902\">\n\t\t\t\t\t\t\t\t\t<section class=\"elementor-section elementor-top-section elementor-element elementor-element-e4bac02 elementor-section-boxed elementor-section-height-default elementor-section-height-default\" data-id=\"e4bac02\" data-element_type=\"section\">\n\t\t\t\t\t\t<div class=\"elementor-container elementor-column-gap-default\">\n\t\t\t\t\t<div class=\"elementor-column elementor-col-100 elementor-top-column elementor-element elementor-element-a3e52ea\" data-id=\"a3e52ea\" data-element_type=\"column\">\n\t\t\t<div class=\"elementor-widget-wrap elementor-element-populated\">\n\t\t\t\t\t\t\t\t<div class=\"elementor-element elementor-element-c8a1e31 elementor-widget elementor-widget-heading\" data-id=\"c8a1e31\" data-element_type=\"widget\" data-widget_type=\"heading.default\">\n\t\t\t\t<div class=\"elementor-widget-container\">\n\t\t\t<h2 class=\"elementor-heading-title elementor-size-default\">Vend\u00e9gel\u0151ad\u00e1sok<\/h2>\t\t<\/div>\n\t\t\t\t<\/div>\n\t\t\t\t<div class=\"elementor-element elementor-element-1ca7fd5 elementor-widget-divider--view-line elementor-widget elementor-widget-divider\" data-id=\"1ca7fd5\" data-element_type=\"widget\" data-widget_type=\"divider.default\">\n\t\t\t\t<div class=\"elementor-widget-container\">\n\t\t\t\t\t<div class=\"elementor-divider\">\n\t\t\t<span class=\"elementor-divider-separator\">\n\t\t\t\t\t\t<\/span>\n\t\t<\/div>\n\t\t\t\t<\/div>\n\t\t\t\t<\/div>\n\t\t\t\t\t<\/div>\n\t\t<\/div>\n\t\t\t\t\t\t\t<\/div>\n\t\t<\/section>\n\t\t\t\t<section class=\"elementor-section elementor-top-section elementor-element elementor-element-1bf3253 elementor-section-boxed elementor-section-height-default elementor-section-height-default\" data-id=\"1bf3253\" data-element_type=\"section\">\n\t\t\t\t\t\t<div class=\"elementor-container elementor-column-gap-default\">\n\t\t\t\t\t<div class=\"elementor-column elementor-col-100 elementor-top-column elementor-element elementor-element-35d1f01\" data-id=\"35d1f01\" data-element_type=\"column\">\n\t\t\t<div class=\"elementor-widget-wrap elementor-element-populated\">\n\t\t\t\t\t\t\t\t<div class=\"elementor-element elementor-element-80c0e55 elementor-grid-2 elementor-posts__hover-none elementor-grid-tablet-2 elementor-grid-mobile-1 elementor-posts--thumbnail-top elementor-widget elementor-widget-posts\" data-id=\"80c0e55\" data-element_type=\"widget\" data-settings=\"{&quot;cards_columns&quot;:&quot;2&quot;,&quot;cards_masonry&quot;:&quot;yes&quot;,&quot;cards_row_gap&quot;:{&quot;unit&quot;:&quot;px&quot;,&quot;size&quot;:20,&quot;sizes&quot;:[]},&quot;cards_columns_tablet&quot;:&quot;2&quot;,&quot;cards_columns_mobile&quot;:&quot;1&quot;,&quot;cards_row_gap_tablet&quot;:{&quot;unit&quot;:&quot;px&quot;,&quot;size&quot;:&quot;&quot;,&quot;sizes&quot;:[]},&quot;cards_row_gap_mobile&quot;:{&quot;unit&quot;:&quot;px&quot;,&quot;size&quot;:&quot;&quot;,&quot;sizes&quot;:[]}}\" data-widget_type=\"posts.cards\">\n\t\t\t\t<div class=\"elementor-widget-container\">\n\t\t\t\t\t<div class=\"elementor-posts-container elementor-posts elementor-posts--skin-cards elementor-grid\">\n\t\t\t\t<article class=\"elementor-post elementor-grid-item post-4124 post type-post status-publish format-standard has-post-thumbnail hentry category-vendegeloadasok\">\n\t\t\t<div class=\"elementor-post__card\">\n\t\t\t\t<a class=\"elementor-post__thumbnail__link\" href=\"https:\/\/bobita.hu\/en\/csongor-es-tunde\/\" ><div class=\"elementor-post__thumbnail\"><img loading=\"lazy\" decoding=\"async\" width=\"600\" height=\"650\" src=\"https:\/\/bobita.hu\/wp-content\/uploads\/2025\/11\/csongor-es-tunde-honlapra-600x650.webp\" class=\"attachment-qi_addons_for_elementor_image_size_landscape size-qi_addons_for_elementor_image_size_landscape wp-image-4125\" alt=\"\" srcset=\"https:\/\/bobita.hu\/wp-content\/uploads\/2025\/11\/csongor-es-tunde-honlapra-600x650.webp 600w, https:\/\/bobita.hu\/wp-content\/uploads\/2025\/11\/csongor-es-tunde-honlapra-10x12.webp 10w\" sizes=\"auto, (max-width: 600px) 100vw, 600px\" \/><\/div><\/a>\n\t\t\t\t<div class=\"elementor-post__text\">\n\t\t\t\t<h3 class=\"elementor-post__title\">\n\t\t\t<a href=\"https:\/\/bobita.hu\/en\/csongor-es-tunde\/\" >\n\t\t\t\tCSONGOR AND T\u00dcNDE\t\t\t<\/a>\n\t\t<\/h3>\n\t\t\t\t<div class=\"elementor-post__excerpt\">\n\t\t\t<p>A Csongor \u00e9s T\u00fcnde a magyar irodalom egyik alapm\u0171ve, mely az emberi l\u00e9tez\u00e9s k\u00e9rd\u00e9seivel foglalkozik: mi az \u00e9let c\u00e9lja, mi a boldogs\u00e1g, van \u2013e \u00f6r\u00f6k \u00e9let, s ha van, akarom \u2013e?<\/p>\n\t\t<\/div>\n\t\t\n\t\t<a class=\"elementor-post__read-more\" href=\"https:\/\/bobita.hu\/en\/csongor-es-tunde\/\" aria-label=\"Read more about CSONGOR \u00c9S T\u00dcNDE\" >\n\t\t\tRead more \u00bb\t\t<\/a>\n\n\t\t\t\t<\/div>\n\t\t\t\t\t<\/div>\n\t\t<\/article>\n\t\t\t\t<article class=\"elementor-post elementor-grid-item post-3851 post type-post status-publish format-standard has-post-thumbnail hentry category-vendegeloadasok\">\n\t\t\t<div class=\"elementor-post__card\">\n\t\t\t\t<a class=\"elementor-post__thumbnail__link\" href=\"https:\/\/bobita.hu\/en\/vitez-laszlo-otthonra-lel\/\" ><div class=\"elementor-post__thumbnail\"><img loading=\"lazy\" decoding=\"async\" width=\"600\" height=\"650\" src=\"https:\/\/bobita.hu\/wp-content\/uploads\/2025\/05\/vph-2546.exact1600w-600x650.webp\" class=\"attachment-qi_addons_for_elementor_image_size_landscape size-qi_addons_for_elementor_image_size_landscape wp-image-3852\" alt=\"\" \/><\/div><\/a>\n\t\t\t\t<div class=\"elementor-post__text\">\n\t\t\t\t<h3 class=\"elementor-post__title\">\n\t\t\t<a href=\"https:\/\/bobita.hu\/en\/vitez-laszlo-otthonra-lel\/\" >\n\t\t\t\tVIT\u00c9Z L\u00c1SZL\u00d3 OTTHONRA LEL\t\t\t<\/a>\n\t\t<\/h3>\n\t\t\t\t<div class=\"elementor-post__excerpt\">\n\t\t\t<p>\u201eSzervusztok, pajtik\u00e1k!\u201d, ki\u00e1ltja a piros ruh\u00e1s, hegyes sipk\u00e1s, csizm\u00e1s l\u00e1b\u00fa v\u00e1s\u00e1ri h\u0151s, Vit\u00e9z L\u00e1szl\u00f3. Merthogy r\u00e9gi ismer\u0151s\u00fcnk \u00fajra itt van! <\/p>\n\t\t<\/div>\n\t\t\n\t\t<a class=\"elementor-post__read-more\" href=\"https:\/\/bobita.hu\/en\/vitez-laszlo-otthonra-lel\/\" aria-label=\"Read more about VIT\u00c9Z L\u00c1SZL\u00d3 OTTHONRA LEL\" >\n\t\t\tRead more \u00bb\t\t<\/a>\n\n\t\t\t\t<\/div>\n\t\t\t\t\t<\/div>\n\t\t<\/article>\n\t\t\t\t<article class=\"elementor-post elementor-grid-item post-3817 post type-post status-publish format-standard has-post-thumbnail hentry category-vendegeloadasok\">\n\t\t\t<div class=\"elementor-post__card\">\n\t\t\t\t<a class=\"elementor-post__thumbnail__link\" href=\"https:\/\/bobita.hu\/en\/fogado-a-kivancsi-horcsoghoz\/\" ><div class=\"elementor-post__thumbnail\"><img loading=\"lazy\" decoding=\"async\" width=\"600\" height=\"650\" src=\"https:\/\/bobita.hu\/wp-content\/uploads\/2025\/04\/Fogado_a_kivancsi_horcsoghoz-webp-600x650.webp\" class=\"attachment-qi_addons_for_elementor_image_size_landscape size-qi_addons_for_elementor_image_size_landscape wp-image-3818\" alt=\"\" \/><\/div><\/a>\n\t\t\t\t<div class=\"elementor-post__text\">\n\t\t\t\t<h3 class=\"elementor-post__title\">\n\t\t\t<a href=\"https:\/\/bobita.hu\/en\/fogado-a-kivancsi-horcsoghoz\/\" >\n\t\t\t\tFOGAD\u00d3 A K\u00cdV\u00c1NCSI H\u00d6RCS\u00d6GH\u00d6Z\t\t\t<\/a>\n\t\t<\/h3>\n\t\t\t\t<div class=\"elementor-post__excerpt\">\n\t\t\t<p>Az el\u0151ad\u00e1sban megjelen\u0151 h\u00e1rom k\u00f6zismert mese h\u00e1rom k\u00fcl\u00f6nb\u00f6z\u0151 gondolkod\u00e1sm\u00f3dot, viselked\u00e9smint\u00e1t mutat be, ahol kicsik \u00e9s nagyok r\u00e1ismerhetnek saj\u00e1t konfliktusaikra.<\/p>\n\t\t<\/div>\n\t\t\n\t\t<a class=\"elementor-post__read-more\" href=\"https:\/\/bobita.hu\/en\/fogado-a-kivancsi-horcsoghoz\/\" aria-label=\"Read more about FOGAD\u00d3 A K\u00cdV\u00c1NCSI H\u00d6RCS\u00d6GH\u00d6Z\" >\n\t\t\tRead more \u00bb\t\t<\/a>\n\n\t\t\t\t<\/div>\n\t\t\t\t\t<\/div>\n\t\t<\/article>\n\t\t\t\t<article class=\"elementor-post elementor-grid-item post-3367 post type-post status-publish format-standard has-post-thumbnail hentry category-vendegeloadasok\">\n\t\t\t<div class=\"elementor-post__card\">\n\t\t\t\t<a class=\"elementor-post__thumbnail__link\" href=\"https:\/\/bobita.hu\/en\/ludas-matyi-2\/\" ><div class=\"elementor-post__thumbnail\"><img loading=\"lazy\" decoding=\"async\" width=\"600\" height=\"650\" src=\"https:\/\/bobita.hu\/wp-content\/uploads\/2024\/08\/02-600x650.webp\" class=\"attachment-qi_addons_for_elementor_image_size_landscape size-qi_addons_for_elementor_image_size_landscape wp-image-3368\" alt=\"\" \/><\/div><\/a>\n\t\t\t\t<div class=\"elementor-post__text\">\n\t\t\t\t<h3 class=\"elementor-post__title\">\n\t\t\t<a href=\"https:\/\/bobita.hu\/en\/ludas-matyi-2\/\" >\n\t\t\t\tL\u00daDAS MATYI\t\t\t<\/a>\n\t\t<\/h3>\n\t\t\t\t<div class=\"elementor-post__excerpt\">\n\t\t\t<p>F\u0151h\u0151s\u00fcnk, a libap\u00e1sztor egyik nap elviszi \u00e9nekl\u0151 lib\u00e1j\u00e1t a v\u00e1s\u00e1rba, ahol mutatv\u00e1nyosk\u00e9nt tervez h\u00edrt szerezni mag\u00e1nak az attrakci\u00f3val. V\u00e1ratlanul megjelenik D\u00f6br\u00f6gi uras\u00e1g&#8230;<\/p>\n\t\t<\/div>\n\t\t\n\t\t<a class=\"elementor-post__read-more\" href=\"https:\/\/bobita.hu\/en\/ludas-matyi-2\/\" aria-label=\"Read more about L\u00daDAS MATYI\" >\n\t\t\tRead more \u00bb\t\t<\/a>\n\n\t\t\t\t<\/div>\n\t\t\t\t\t<\/div>\n\t\t<\/article>\n\t\t\t\t<article class=\"elementor-post elementor-grid-item post-3200 post type-post status-publish format-standard has-post-thumbnail hentry category-vendegeloadasok\">\n\t\t\t<div class=\"elementor-post__card\">\n\t\t\t\t<a class=\"elementor-post__thumbnail__link\" href=\"https:\/\/bobita.hu\/en\/mackokaland\/\" ><div class=\"elementor-post__thumbnail\"><img loading=\"lazy\" decoding=\"async\" width=\"600\" height=\"650\" src=\"https:\/\/bobita.hu\/wp-content\/uploads\/2024\/04\/Mackokaland-webp-600x650.webp\" class=\"attachment-qi_addons_for_elementor_image_size_landscape size-qi_addons_for_elementor_image_size_landscape wp-image-3201\" alt=\"\" \/><\/div><\/a>\n\t\t\t\t<div class=\"elementor-post__text\">\n\t\t\t\t<h3 class=\"elementor-post__title\">\n\t\t\t<a href=\"https:\/\/bobita.hu\/en\/mackokaland\/\" >\n\t\t\t\tMACK\u00d3KALAND\t\t\t<\/a>\n\t\t<\/h3>\n\t\t\t\t<div class=\"elementor-post__excerpt\">\n\t\t\t<p>\u201eJ\u00f3, ha van egy medv\u00e9d, az legal\u00e1bb megv\u00e9d\u201d<br \/>\nJeges macik \u00e9s barna macik kalandjai sok-sok verssel, mond\u00f3k\u00e1val kicsiknek \u00e9s m\u00e9g kisebbeknek.<\/p>\n\t\t<\/div>\n\t\t\n\t\t<a class=\"elementor-post__read-more\" href=\"https:\/\/bobita.hu\/en\/mackokaland\/\" aria-label=\"Read more about MACK\u00d3KALAND\" >\n\t\t\tRead more \u00bb\t\t<\/a>\n\n\t\t\t\t<\/div>\n\t\t\t\t\t<\/div>\n\t\t<\/article>\n\t\t\t\t<article class=\"elementor-post elementor-grid-item post-3188 post type-post status-publish format-standard has-post-thumbnail hentry category-vendegeloadasok\">\n\t\t\t<div class=\"elementor-post__card\">\n\t\t\t\t<a class=\"elementor-post__thumbnail__link\" href=\"https:\/\/bobita.hu\/en\/kocsonyakiralyfi\/\" ><div class=\"elementor-post__thumbnail\"><img loading=\"lazy\" decoding=\"async\" width=\"600\" height=\"650\" src=\"https:\/\/bobita.hu\/wp-content\/uploads\/2024\/03\/kocsonyakiralyfi-web-600x650.webp\" class=\"attachment-qi_addons_for_elementor_image_size_landscape size-qi_addons_for_elementor_image_size_landscape wp-image-3189\" alt=\"\" \/><\/div><\/a>\n\t\t\t\t<div class=\"elementor-post__text\">\n\t\t\t\t<h3 class=\"elementor-post__title\">\n\t\t\t<a href=\"https:\/\/bobita.hu\/en\/kocsonyakiralyfi\/\" >\n\t\t\t\tKOCSONYAKIR\u00c1LYFI\t\t\t<\/a>\n\t\t<\/h3>\n\t\t\t\t<div class=\"elementor-post__excerpt\">\n\t\t\t<p>Mici kir\u00e1lykisasszony\u00a0k\u00e9t\u00a0dolgot szeret a vil\u00e1gon:\u00a0a finom \u00e9telek megalkot\u00e1s\u00e1t \u00e9s\u00a0kir\u00e1lyi apuk\u00e1j\u00e1t.<\/p>\n\t\t<\/div>\n\t\t\n\t\t<a class=\"elementor-post__read-more\" href=\"https:\/\/bobita.hu\/en\/kocsonyakiralyfi\/\" aria-label=\"Read more about KOCSONYAKIR\u00c1LYFI\" >\n\t\t\tRead more \u00bb\t\t<\/a>\n\n\t\t\t\t<\/div>\n\t\t\t\t\t<\/div>\n\t\t<\/article>\n\t\t\t\t<article class=\"elementor-post elementor-grid-item post-2987 post type-post status-publish format-standard has-post-thumbnail hentry category-archivum category-vendegeloadasok\">\n\t\t\t<div class=\"elementor-post__card\">\n\t\t\t\t<a class=\"elementor-post__thumbnail__link\" href=\"https:\/\/bobita.hu\/en\/kerekecske-gombocska\/\" ><div class=\"elementor-post__thumbnail\"><img loading=\"lazy\" decoding=\"async\" width=\"1300\" height=\"650\" src=\"https:\/\/bobita.hu\/wp-content\/uploads\/2024\/01\/kerekecske_2-1300x650.webp\" class=\"attachment-qi_addons_for_elementor_image_size_landscape size-qi_addons_for_elementor_image_size_landscape wp-image-2990\" alt=\"\" \/><\/div><\/a>\n\t\t\t\t<div class=\"elementor-post__text\">\n\t\t\t\t<h3 class=\"elementor-post__title\">\n\t\t\t<a href=\"https:\/\/bobita.hu\/en\/kerekecske-gombocska\/\" >\n\t\t\t\tKEREKECSKE-GOMBOCSKA\t\t\t<\/a>\n\t\t<\/h3>\n\t\t\t\t<div class=\"elementor-post__excerpt\">\n\t\t\t<p>Kerekecske gombocska, elveszett a nyulacska.<br \/>\n\u00c1zik es\u0151n, rep\u00fcl sz\u00e9llel, erd\u0151n-mez\u0151n, naps\u00fct\u00e9sben.<\/p>\n\t\t<\/div>\n\t\t\n\t\t<a class=\"elementor-post__read-more\" href=\"https:\/\/bobita.hu\/en\/kerekecske-gombocska\/\" aria-label=\"Read more about KEREKECSKE-GOMBOCSKA\" >\n\t\t\tRead more \u00bb\t\t<\/a>\n\n\t\t\t\t<\/div>\n\t\t\t\t\t<\/div>\n\t\t<\/article>\n\t\t\t\t<article class=\"elementor-post elementor-grid-item post-2457 post type-post status-publish format-standard has-post-thumbnail hentry category-vendegeloadasok\">\n\t\t\t<div class=\"elementor-post__card\">\n\t\t\t\t<a class=\"elementor-post__thumbnail__link\" href=\"https:\/\/bobita.hu\/en\/parnamesek\/\" ><div class=\"elementor-post__thumbnail\"><img loading=\"lazy\" decoding=\"async\" width=\"600\" height=\"650\" src=\"https:\/\/bobita.hu\/wp-content\/uploads\/2023\/10\/Parnamesek-600x650.webp\" class=\"attachment-qi_addons_for_elementor_image_size_landscape size-qi_addons_for_elementor_image_size_landscape wp-image-2458\" alt=\"\" \/><\/div><\/a>\n\t\t\t\t<div class=\"elementor-post__text\">\n\t\t\t\t<h3 class=\"elementor-post__title\">\n\t\t\t<a href=\"https:\/\/bobita.hu\/en\/parnamesek\/\" >\n\t\t\t\tTALES FROM A PILLOW\t\t\t<\/a>\n\t\t<\/h3>\n\t\t\t\t<div class=\"elementor-post__excerpt\">\n\t\t\t<p>Animal fairy tales from the bedroom where whatever gets into the hands of the actors, will all come to life.<\/p>\n\t\t<\/div>\n\t\t\n\t\t<a class=\"elementor-post__read-more\" href=\"https:\/\/bobita.hu\/en\/parnamesek\/\" aria-label=\"Read more about P\u00c1RNAMES\u00c9K\" >\n\t\t\tRead more \u00bb\t\t<\/a>\n\n\t\t\t\t<\/div>\n\t\t\t\t\t<\/div>\n\t\t<\/article>\n\t\t\t\t<\/div>\n\t\t\n\t\t\t\t<\/div>\n\t\t\t\t<\/div>\n\t\t\t\t\t<\/div>\n\t\t<\/div>\n\t\t\t\t\t\t\t<\/div>\n\t\t<\/section>\n\t\t\t\t\t\t\t<\/div>","protected":false},"excerpt":{"rendered":"<p>Vend\u00e9gel\u0151ad\u00e1sok<\/p>","protected":false},"author":2,"featured_media":0,"parent":42,"menu_order":0,"comment_status":"closed","ping_status":"closed","template":"elementor_header_footer","meta":{"inline_featured_image":false,"pgc_sgb_lightbox_settings":"","footnotes":""},"class_list":["post-1902","page","type-page","status-publish","hentry"],"yoast_head":"<!-- This site is optimized with the Yoast SEO plugin v23.6 - https:\/\/yoast.com\/wordpress\/plugins\/seo\/ -->\n<title>Vend\u00e9gel\u0151ad\u00e1sok - B\u00f3bita B\u00e1bsz\u00ednh\u00e1z<\/title>\n<meta name=\"robots\" content=\"index, follow, max-snippet:-1, max-image-preview:large, max-video-preview:-1\" \/>\n<link rel=\"canonical\" href=\"https:\/\/bobita.hu\/en\/eloadasaink\/vendegeloadasok\/\" \/>\n<meta property=\"og:locale\" content=\"en_GB\" \/>\n<meta property=\"og:type\" content=\"article\" \/>\n<meta property=\"og:title\" content=\"Vend\u00e9gel\u0151ad\u00e1sok - B\u00f3bita B\u00e1bsz\u00ednh\u00e1z\" \/>\n<meta property=\"og:description\" content=\"Vend\u00e9gel\u0151ad\u00e1sok\" \/>\n<meta property=\"og:url\" content=\"https:\/\/bobita.hu\/en\/eloadasaink\/vendegeloadasok\/\" \/>\n<meta property=\"og:site_name\" content=\"B\u00f3bita B\u00e1bsz\u00ednh\u00e1z\" \/>\n<meta property=\"article:publisher\" content=\"https:\/\/www.facebook.com\/bobitababszinhaz\" \/>\n<meta property=\"article:modified_time\" content=\"2023-11-24T12:34:44+00:00\" \/>\n<meta name=\"twitter:card\" content=\"summary_large_image\" \/>\n<meta name=\"twitter:label1\" content=\"Estimated reading time\" \/>\n\t<meta name=\"twitter:data1\" content=\"1 minute\" \/>\n<script type=\"application\/ld+json\" class=\"yoast-schema-graph\">{\"@context\":\"https:\/\/schema.org\",\"@graph\":[{\"@type\":\"WebPage\",\"@id\":\"https:\/\/bobita.hu\/eloadasaink\/vendegeloadasok\/\",\"url\":\"https:\/\/bobita.hu\/eloadasaink\/vendegeloadasok\/\",\"name\":\"Vend\u00e9gel\u0151ad\u00e1sok - B\u00f3bita B\u00e1bsz\u00ednh\u00e1z\",\"isPartOf\":{\"@id\":\"https:\/\/bobita.hu\/#website\"},\"datePublished\":\"2023-04-16T19:22:48+00:00\",\"dateModified\":\"2023-11-24T12:34:44+00:00\",\"breadcrumb\":{\"@id\":\"https:\/\/bobita.hu\/eloadasaink\/vendegeloadasok\/#breadcrumb\"},\"inLanguage\":\"en-GB\",\"potentialAction\":[{\"@type\":\"ReadAction\",\"target\":[\"https:\/\/bobita.hu\/eloadasaink\/vendegeloadasok\/\"]}]},{\"@type\":\"BreadcrumbList\",\"@id\":\"https:\/\/bobita.hu\/eloadasaink\/vendegeloadasok\/#breadcrumb\",\"itemListElement\":[{\"@type\":\"ListItem\",\"position\":1,\"name\":\"Kezd\u0151lap\",\"item\":\"https:\/\/bobita.hu\/\"},{\"@type\":\"ListItem\",\"position\":2,\"name\":\"El\u0151ad\u00e1saink\",\"item\":\"https:\/\/bobita.hu\/eloadasaink\/\"},{\"@type\":\"ListItem\",\"position\":3,\"name\":\"Vend\u00e9gel\u0151ad\u00e1sok\"}]},{\"@type\":\"WebSite\",\"@id\":\"https:\/\/bobita.hu\/#website\",\"url\":\"https:\/\/bobita.hu\/\",\"name\":\"B\u00f3bita B\u00e1bsz\u00ednh\u00e1z\",\"description\":\"\",\"publisher\":{\"@id\":\"https:\/\/bobita.hu\/#organization\"},\"potentialAction\":[{\"@type\":\"SearchAction\",\"target\":{\"@type\":\"EntryPoint\",\"urlTemplate\":\"https:\/\/bobita.hu\/?s={search_term_string}\"},\"query-input\":{\"@type\":\"PropertyValueSpecification\",\"valueRequired\":true,\"valueName\":\"search_term_string\"}}],\"inLanguage\":\"en-GB\"},{\"@type\":\"Organization\",\"@id\":\"https:\/\/bobita.hu\/#organization\",\"name\":\"B\u00f3bita B\u00e1bsz\u00ednh\u00e1z\",\"url\":\"https:\/\/bobita.hu\/\",\"logo\":{\"@type\":\"ImageObject\",\"inLanguage\":\"en-GB\",\"@id\":\"https:\/\/bobita.hu\/#\/schema\/logo\/image\/\",\"url\":\"https:\/\/bobita.hu\/wp-content\/uploads\/2023\/03\/bobitababszinhaz-szines-preview.png\",\"contentUrl\":\"https:\/\/bobita.hu\/wp-content\/uploads\/2023\/03\/bobitababszinhaz-szines-preview.png\",\"width\":500,\"height\":244,\"caption\":\"B\u00f3bita B\u00e1bsz\u00ednh\u00e1z\"},\"image\":{\"@id\":\"https:\/\/bobita.hu\/#\/schema\/logo\/image\/\"},\"sameAs\":[\"https:\/\/www.facebook.com\/bobitababszinhaz\",\"https:\/\/www.instagram.com\/bobitababszinhaz\/\"]}]}<\/script>\n<!-- \/ Yoast SEO plugin. -->","yoast_head_json":{"title":"Vend\u00e9gel\u0151ad\u00e1sok - B\u00f3bita B\u00e1bsz\u00ednh\u00e1z","robots":{"index":"index","follow":"follow","max-snippet":"max-snippet:-1","max-image-preview":"max-image-preview:large","max-video-preview":"max-video-preview:-1"},"canonical":"https:\/\/bobita.hu\/en\/eloadasaink\/vendegeloadasok\/","og_locale":"en_GB","og_type":"article","og_title":"Vend\u00e9gel\u0151ad\u00e1sok - B\u00f3bita B\u00e1bsz\u00ednh\u00e1z","og_description":"Vend\u00e9gel\u0151ad\u00e1sok","og_url":"https:\/\/bobita.hu\/en\/eloadasaink\/vendegeloadasok\/","og_site_name":"B\u00f3bita B\u00e1bsz\u00ednh\u00e1z","article_publisher":"https:\/\/www.facebook.com\/bobitababszinhaz","article_modified_time":"2023-11-24T12:34:44+00:00","twitter_card":"summary_large_image","twitter_misc":{"Estimated reading time":"1 minute"},"schema":{"@context":"https:\/\/schema.org","@graph":[{"@type":"WebPage","@id":"https:\/\/bobita.hu\/eloadasaink\/vendegeloadasok\/","url":"https:\/\/bobita.hu\/eloadasaink\/vendegeloadasok\/","name":"Vend\u00e9gel\u0151ad\u00e1sok - B\u00f3bita B\u00e1bsz\u00ednh\u00e1z","isPartOf":{"@id":"https:\/\/bobita.hu\/#website"},"datePublished":"2023-04-16T19:22:48+00:00","dateModified":"2023-11-24T12:34:44+00:00","breadcrumb":{"@id":"https:\/\/bobita.hu\/eloadasaink\/vendegeloadasok\/#breadcrumb"},"inLanguage":"en-GB","potentialAction":[{"@type":"ReadAction","target":["https:\/\/bobita.hu\/eloadasaink\/vendegeloadasok\/"]}]},{"@type":"BreadcrumbList","@id":"https:\/\/bobita.hu\/eloadasaink\/vendegeloadasok\/#breadcrumb","itemListElement":[{"@type":"ListItem","position":1,"name":"Kezd\u0151lap","item":"https:\/\/bobita.hu\/"},{"@type":"ListItem","position":2,"name":"El\u0151ad\u00e1saink","item":"https:\/\/bobita.hu\/eloadasaink\/"},{"@type":"ListItem","position":3,"name":"Vend\u00e9gel\u0151ad\u00e1sok"}]},{"@type":"WebSite","@id":"https:\/\/bobita.hu\/#website","url":"https:\/\/bobita.hu\/","name":"B\u00f3bita B\u00e1bsz\u00ednh\u00e1z","description":"","publisher":{"@id":"https:\/\/bobita.hu\/#organization"},"potentialAction":[{"@type":"SearchAction","target":{"@type":"EntryPoint","urlTemplate":"https:\/\/bobita.hu\/?s={search_term_string}"},"query-input":{"@type":"PropertyValueSpecification","valueRequired":true,"valueName":"search_term_string"}}],"inLanguage":"en-GB"},{"@type":"Organization","@id":"https:\/\/bobita.hu\/#organization","name":"B\u00f3bita B\u00e1bsz\u00ednh\u00e1z","url":"https:\/\/bobita.hu\/","logo":{"@type":"ImageObject","inLanguage":"en-GB","@id":"https:\/\/bobita.hu\/#\/schema\/logo\/image\/","url":"https:\/\/bobita.hu\/wp-content\/uploads\/2023\/03\/bobitababszinhaz-szines-preview.png","contentUrl":"https:\/\/bobita.hu\/wp-content\/uploads\/2023\/03\/bobitababszinhaz-szines-preview.png","width":500,"height":244,"caption":"B\u00f3bita B\u00e1bsz\u00ednh\u00e1z"},"image":{"@id":"https:\/\/bobita.hu\/#\/schema\/logo\/image\/"},"sameAs":["https:\/\/www.facebook.com\/bobitababszinhaz","https:\/\/www.instagram.com\/bobitababszinhaz\/"]}]}},"_links":{"self":[{"href":"https:\/\/bobita.hu\/en\/wp-json\/wp\/v2\/pages\/1902","targetHints":{"allow":["GET"]}}],"collection":[{"href":"https:\/\/bobita.hu\/en\/wp-json\/wp\/v2\/pages"}],"about":[{"href":"https:\/\/bobita.hu\/en\/wp-json\/wp\/v2\/types\/page"}],"author":[{"embeddable":true,"href":"https:\/\/bobita.hu\/en\/wp-json\/wp\/v2\/users\/2"}],"replies":[{"embeddable":true,"href":"https:\/\/bobita.hu\/en\/wp-json\/wp\/v2\/comments?post=1902"}],"version-history":[{"count":11,"href":"https:\/\/bobita.hu\/en\/wp-json\/wp\/v2\/pages\/1902\/revisions"}],"predecessor-version":[{"id":4355,"href":"https:\/\/bobita.hu\/en\/wp-json\/wp\/v2\/pages\/1902\/revisions\/4355"}],"up":[{"embeddable":true,"href":"https:\/\/bobita.hu\/en\/wp-json\/wp\/v2\/pages\/42"}],"wp:attachment":[{"href":"https:\/\/bobita.hu\/en\/wp-json\/wp\/v2\/media?parent=1902"}],"curies":[{"name":"wp","href":"https:\/\/api.w.org\/{rel}","templated":true}]}}