{"id":3688,"date":"2025-01-13T08:56:36","date_gmt":"2025-01-13T07:56:36","guid":{"rendered":"https:\/\/bobita.hu\/?page_id=3688"},"modified":"2025-01-13T09:02:11","modified_gmt":"2025-01-13T08:02:11","slug":"visszaelesi-bejelentes","status":"publish","type":"page","link":"https:\/\/bobita.hu\/en\/visszaelesi-bejelentes\/","title":{"rendered":"Vissza\u00e9l\u00e9si bejelent\u00e9s"},"content":{"rendered":"<div data-elementor-type=\"wp-page\" data-elementor-id=\"3688\" class=\"elementor elementor-3688\">\n\t\t\t\t\t\t\t\t\t<section class=\"elementor-section elementor-top-section elementor-element elementor-element-d7e7033 elementor-section-boxed elementor-section-height-default elementor-section-height-default\" data-id=\"d7e7033\" data-element_type=\"section\">\n\t\t\t\t\t\t<div class=\"elementor-container elementor-column-gap-default\">\n\t\t\t\t\t<div class=\"elementor-column elementor-col-100 elementor-top-column elementor-element elementor-element-e642717\" data-id=\"e642717\" data-element_type=\"column\">\n\t\t\t<div class=\"elementor-widget-wrap elementor-element-populated\">\n\t\t\t\t\t\t\t\t<div class=\"elementor-element elementor-element-cd33899 elementor-widget elementor-widget-heading\" data-id=\"cd33899\" data-element_type=\"widget\" data-widget_type=\"heading.default\">\n\t\t\t\t<div class=\"elementor-widget-container\">\n\t\t\t<h2 class=\"elementor-heading-title elementor-size-default\">Vissza\u00e9l\u00e9si bejelent\u00e9s<\/h2>\t\t<\/div>\n\t\t\t\t<\/div>\n\t\t\t\t<div class=\"elementor-element elementor-element-ac44eba elementor-widget-divider--view-line elementor-widget elementor-widget-divider\" data-id=\"ac44eba\" data-element_type=\"widget\" data-widget_type=\"divider.default\">\n\t\t\t\t<div class=\"elementor-widget-container\">\n\t\t\t\t\t<div class=\"elementor-divider\">\n\t\t\t<span class=\"elementor-divider-separator\">\n\t\t\t\t\t\t<\/span>\n\t\t<\/div>\n\t\t\t\t<\/div>\n\t\t\t\t<\/div>\n\t\t\t\t\t<\/div>\n\t\t<\/div>\n\t\t\t\t\t\t\t<\/div>\n\t\t<\/section>\n\t\t\t\t<section class=\"elementor-section elementor-top-section elementor-element elementor-element-ed8e145 elementor-section-boxed elementor-section-height-default elementor-section-height-default\" data-id=\"ed8e145\" data-element_type=\"section\">\n\t\t\t\t\t\t<div class=\"elementor-container elementor-column-gap-default\">\n\t\t\t\t\t<div class=\"elementor-column elementor-col-100 elementor-top-column elementor-element elementor-element-8c36162\" data-id=\"8c36162\" data-element_type=\"column\">\n\t\t\t<div class=\"elementor-widget-wrap elementor-element-populated\">\n\t\t\t\t\t\t\t\t<div class=\"elementor-element elementor-element-a05b09d elementor-widget elementor-widget-text-editor\" data-id=\"a05b09d\" data-element_type=\"widget\" data-widget_type=\"text-editor.default\">\n\t\t\t\t<div class=\"elementor-widget-container\">\n\t\t\t\t\t\t\t<p><strong>Sz\u00fcks\u00e9ges dokumentumok:<\/strong><\/p>\t\t\t\t\t\t<\/div>\n\t\t\t\t<\/div>\n\t\t\t\t<div class=\"elementor-element elementor-element-3dcd978 elementor-icon-list--layout-traditional elementor-list-item-link-full_width elementor-widget elementor-widget-icon-list\" data-id=\"3dcd978\" data-element_type=\"widget\" data-widget_type=\"icon-list.default\">\n\t\t\t\t<div class=\"elementor-widget-container\">\n\t\t\t\t\t<ul class=\"elementor-icon-list-items\">\n\t\t\t\t\t\t\t<li class=\"elementor-icon-list-item\">\n\t\t\t\t\t\t\t\t\t\t\t<a href=\"https:\/\/bobita.hu\/wp-content\/uploads\/2025\/01\/Adatkezelesi-tajekoztato-a-bejelentoknek_TrustLine_2023-07-24.pdf\" target=\"_blank\">\n\n\t\t\t\t\t\t\t\t\t\t\t\t<span class=\"elementor-icon-list-icon\">\n\t\t\t\t\t\t\t<i aria-hidden=\"true\" class=\"fas fa-chevron-right\"><\/i>\t\t\t\t\t\t<\/span>\n\t\t\t\t\t\t\t\t\t\t<span class=\"elementor-icon-list-text\">Adatkezel\u00e9si t\u00e1j\u00e9koztat\u00f3 a bejelent\u0151knek<\/span>\n\t\t\t\t\t\t\t\t\t\t\t<\/a>\n\t\t\t\t\t\t\t\t\t<\/li>\n\t\t\t\t\t\t\t\t<li class=\"elementor-icon-list-item\">\n\t\t\t\t\t\t\t\t\t\t\t<a href=\"https:\/\/bobita.hu\/wp-content\/uploads\/2025\/01\/Gyakran-Ismetelt-Kerdesek-a-visszaeles-bejelentesi-rendszerrel-kapcsolatban_TrustLine-2023-07-24.pdf\" target=\"_blank\">\n\n\t\t\t\t\t\t\t\t\t\t\t\t<span class=\"elementor-icon-list-icon\">\n\t\t\t\t\t\t\t<i aria-hidden=\"true\" class=\"fas fa-chevron-right\"><\/i>\t\t\t\t\t\t<\/span>\n\t\t\t\t\t\t\t\t\t\t<span class=\"elementor-icon-list-text\">Gyakran Ism\u00e9telt K\u00e9rd\u00e9sek a vissza\u00e9l\u00e9s-bejelent\u00e9si rendszerrel kapcsolatban<\/span>\n\t\t\t\t\t\t\t\t\t\t\t<\/a>\n\t\t\t\t\t\t\t\t\t<\/li>\n\t\t\t\t\t\t\t\t<li class=\"elementor-icon-list-item\">\n\t\t\t\t\t\t\t\t\t\t\t<a href=\"https:\/\/bobita.hu\/wp-content\/uploads\/2025\/01\/Tajekoztato-a-bejelentesre-jogosultaknak_Bobita-Babszinhaz.pdf\" target=\"_blank\">\n\n\t\t\t\t\t\t\t\t\t\t\t\t<span class=\"elementor-icon-list-icon\">\n\t\t\t\t\t\t\t<i aria-hidden=\"true\" class=\"fas fa-chevron-right\"><\/i>\t\t\t\t\t\t<\/span>\n\t\t\t\t\t\t\t\t\t\t<span class=\"elementor-icon-list-text\">T\u00e1j\u00e9koztat\u00f3 a bejelent\u00e9sre jogosultaknak<\/span>\n\t\t\t\t\t\t\t\t\t\t\t<\/a>\n\t\t\t\t\t\t\t\t\t<\/li>\n\t\t\t\t\t\t\t\t<li class=\"elementor-icon-list-item\">\n\t\t\t\t\t\t\t\t\t\t\t<a href=\"https:\/\/bobita.hu\/wp-content\/uploads\/2025\/01\/Visszaeles-bejelentesi-szabalyzat_TrustLine-Hungary-Kft._2023-07-24.pdf\" target=\"_blank\">\n\n\t\t\t\t\t\t\t\t\t\t\t\t<span class=\"elementor-icon-list-icon\">\n\t\t\t\t\t\t\t<i aria-hidden=\"true\" class=\"fas fa-chevron-right\"><\/i>\t\t\t\t\t\t<\/span>\n\t\t\t\t\t\t\t\t\t\t<span class=\"elementor-icon-list-text\">Vissza\u00e9l\u00e9s-bejelent\u00e9si szab\u00e1lyzat<\/span>\n\t\t\t\t\t\t\t\t\t\t\t<\/a>\n\t\t\t\t\t\t\t\t\t<\/li>\n\t\t\t\t\t\t<\/ul>\n\t\t\t\t<\/div>\n\t\t\t\t<\/div>\n\t\t\t\t<div class=\"elementor-element elementor-element-404a1b0 elementor-widget elementor-widget-image\" data-id=\"404a1b0\" data-element_type=\"widget\" data-widget_type=\"image.default\">\n\t\t\t\t<div class=\"elementor-widget-container\">\n\t\t\t\t\t\t\t\t\t\t\t\t\t\t\t<img loading=\"lazy\" decoding=\"async\" width=\"400\" height=\"400\" src=\"https:\/\/bobita.hu\/wp-content\/uploads\/2025\/01\/Bobita-Babszinhaz-Nonprofit-Korlatolt-Felelossegu-Tarsasag-QR.png\" class=\"attachment-large size-large wp-image-3704\" alt=\"\" srcset=\"https:\/\/bobita.hu\/wp-content\/uploads\/2025\/01\/Bobita-Babszinhaz-Nonprofit-Korlatolt-Felelossegu-Tarsasag-QR.png 400w, https:\/\/bobita.hu\/wp-content\/uploads\/2025\/01\/Bobita-Babszinhaz-Nonprofit-Korlatolt-Felelossegu-Tarsasag-QR-300x300.png 300w, https:\/\/bobita.hu\/wp-content\/uploads\/2025\/01\/Bobita-Babszinhaz-Nonprofit-Korlatolt-Felelossegu-Tarsasag-QR-150x150.png 150w, https:\/\/bobita.hu\/wp-content\/uploads\/2025\/01\/Bobita-Babszinhaz-Nonprofit-Korlatolt-Felelossegu-Tarsasag-QR-12x12.png 12w\" sizes=\"auto, (max-width: 400px) 100vw, 400px\" \/>\t\t\t\t\t\t\t\t\t\t\t\t\t\t\t<\/div>\n\t\t\t\t<\/div>\n\t\t\t\t\t<\/div>\n\t\t<\/div>\n\t\t\t\t\t\t\t<\/div>\n\t\t<\/section>\n\t\t\t\t\t\t\t<\/div>","protected":false},"excerpt":{"rendered":"<p>Vissza\u00e9l\u00e9si bejelent\u00e9s Sz\u00fcks\u00e9ges dokumentumok: Adatkezel\u00e9si t\u00e1j\u00e9koztat\u00f3 a bejelent\u0151knek Gyakran Ism\u00e9telt K\u00e9rd\u00e9sek a vissza\u00e9l\u00e9s-bejelent\u00e9si rendszerrel kapcsolatban T\u00e1j\u00e9koztat\u00f3 a bejelent\u00e9sre jogosultaknak Vissza\u00e9l\u00e9s-bejelent\u00e9si szab\u00e1lyzat<\/p>","protected":false},"author":1,"featured_media":0,"parent":0,"menu_order":0,"comment_status":"closed","ping_status":"closed","template":"elementor_header_footer","meta":{"inline_featured_image":false,"pgc_sgb_lightbox_settings":"","footnotes":""},"class_list":["post-3688","page","type-page","status-publish","hentry"],"yoast_head":"<!-- This site is optimized with the Yoast SEO plugin v23.6 - https:\/\/yoast.com\/wordpress\/plugins\/seo\/ -->\n<title>Vissza\u00e9l\u00e9si bejelent\u00e9s - B\u00f3bita B\u00e1bsz\u00ednh\u00e1z<\/title>\n<meta name=\"robots\" content=\"index, follow, max-snippet:-1, max-image-preview:large, max-video-preview:-1\" \/>\n<link rel=\"canonical\" href=\"https:\/\/bobita.hu\/en\/visszaelesi-bejelentes\/\" \/>\n<meta property=\"og:locale\" content=\"en_GB\" \/>\n<meta property=\"og:type\" content=\"article\" \/>\n<meta property=\"og:title\" content=\"Vissza\u00e9l\u00e9si bejelent\u00e9s - B\u00f3bita B\u00e1bsz\u00ednh\u00e1z\" \/>\n<meta property=\"og:description\" content=\"Vissza\u00e9l\u00e9si bejelent\u00e9s Sz\u00fcks\u00e9ges dokumentumok: Adatkezel\u00e9si t\u00e1j\u00e9koztat\u00f3 a bejelent\u0151knek Gyakran Ism\u00e9telt K\u00e9rd\u00e9sek a vissza\u00e9l\u00e9s-bejelent\u00e9si rendszerrel kapcsolatban T\u00e1j\u00e9koztat\u00f3 a bejelent\u00e9sre jogosultaknak Vissza\u00e9l\u00e9s-bejelent\u00e9si szab\u00e1lyzat\" \/>\n<meta property=\"og:url\" content=\"https:\/\/bobita.hu\/en\/visszaelesi-bejelentes\/\" \/>\n<meta property=\"og:site_name\" content=\"B\u00f3bita B\u00e1bsz\u00ednh\u00e1z\" \/>\n<meta property=\"article:publisher\" content=\"https:\/\/www.facebook.com\/bobitababszinhaz\" \/>\n<meta property=\"article:modified_time\" content=\"2025-01-13T08:02:11+00:00\" \/>\n<meta property=\"og:image\" content=\"https:\/\/bobita.hu\/wp-content\/uploads\/2025\/01\/Bobita-Babszinhaz-Nonprofit-Korlatolt-Felelossegu-Tarsasag-QR.png\" \/>\n\t<meta property=\"og:image:width\" content=\"400\" \/>\n\t<meta property=\"og:image:height\" content=\"400\" \/>\n\t<meta property=\"og:image:type\" content=\"image\/png\" \/>\n<meta name=\"twitter:card\" content=\"summary_large_image\" \/>\n<meta name=\"twitter:label1\" content=\"Estimated reading time\" \/>\n\t<meta name=\"twitter:data1\" content=\"1 minute\" \/>\n<script type=\"application\/ld+json\" class=\"yoast-schema-graph\">{\"@context\":\"https:\/\/schema.org\",\"@graph\":[{\"@type\":\"WebPage\",\"@id\":\"https:\/\/bobita.hu\/visszaelesi-bejelentes\/\",\"url\":\"https:\/\/bobita.hu\/visszaelesi-bejelentes\/\",\"name\":\"Vissza\u00e9l\u00e9si bejelent\u00e9s - B\u00f3bita B\u00e1bsz\u00ednh\u00e1z\",\"isPartOf\":{\"@id\":\"https:\/\/bobita.hu\/#website\"},\"primaryImageOfPage\":{\"@id\":\"https:\/\/bobita.hu\/visszaelesi-bejelentes\/#primaryimage\"},\"image\":{\"@id\":\"https:\/\/bobita.hu\/visszaelesi-bejelentes\/#primaryimage\"},\"thumbnailUrl\":\"https:\/\/bobita.hu\/wp-content\/uploads\/2025\/01\/Bobita-Babszinhaz-Nonprofit-Korlatolt-Felelossegu-Tarsasag-QR.png\",\"datePublished\":\"2025-01-13T07:56:36+00:00\",\"dateModified\":\"2025-01-13T08:02:11+00:00\",\"breadcrumb\":{\"@id\":\"https:\/\/bobita.hu\/visszaelesi-bejelentes\/#breadcrumb\"},\"inLanguage\":\"en-GB\",\"potentialAction\":[{\"@type\":\"ReadAction\",\"target\":[\"https:\/\/bobita.hu\/visszaelesi-bejelentes\/\"]}]},{\"@type\":\"ImageObject\",\"inLanguage\":\"en-GB\",\"@id\":\"https:\/\/bobita.hu\/visszaelesi-bejelentes\/#primaryimage\",\"url\":\"https:\/\/bobita.hu\/wp-content\/uploads\/2025\/01\/Bobita-Babszinhaz-Nonprofit-Korlatolt-Felelossegu-Tarsasag-QR.png\",\"contentUrl\":\"https:\/\/bobita.hu\/wp-content\/uploads\/2025\/01\/Bobita-Babszinhaz-Nonprofit-Korlatolt-Felelossegu-Tarsasag-QR.png\"},{\"@type\":\"BreadcrumbList\",\"@id\":\"https:\/\/bobita.hu\/visszaelesi-bejelentes\/#breadcrumb\",\"itemListElement\":[{\"@type\":\"ListItem\",\"position\":1,\"name\":\"Kezd\u0151lap\",\"item\":\"https:\/\/bobita.hu\/\"},{\"@type\":\"ListItem\",\"position\":2,\"name\":\"Vissza\u00e9l\u00e9si bejelent\u00e9s\"}]},{\"@type\":\"WebSite\",\"@id\":\"https:\/\/bobita.hu\/#website\",\"url\":\"https:\/\/bobita.hu\/\",\"name\":\"B\u00f3bita B\u00e1bsz\u00ednh\u00e1z\",\"description\":\"\",\"publisher\":{\"@id\":\"https:\/\/bobita.hu\/#organization\"},\"potentialAction\":[{\"@type\":\"SearchAction\",\"target\":{\"@type\":\"EntryPoint\",\"urlTemplate\":\"https:\/\/bobita.hu\/?s={search_term_string}\"},\"query-input\":{\"@type\":\"PropertyValueSpecification\",\"valueRequired\":true,\"valueName\":\"search_term_string\"}}],\"inLanguage\":\"en-GB\"},{\"@type\":\"Organization\",\"@id\":\"https:\/\/bobita.hu\/#organization\",\"name\":\"B\u00f3bita B\u00e1bsz\u00ednh\u00e1z\",\"url\":\"https:\/\/bobita.hu\/\",\"logo\":{\"@type\":\"ImageObject\",\"inLanguage\":\"en-GB\",\"@id\":\"https:\/\/bobita.hu\/#\/schema\/logo\/image\/\",\"url\":\"https:\/\/bobita.hu\/wp-content\/uploads\/2023\/03\/bobitababszinhaz-szines-preview.png\",\"contentUrl\":\"https:\/\/bobita.hu\/wp-content\/uploads\/2023\/03\/bobitababszinhaz-szines-preview.png\",\"width\":500,\"height\":244,\"caption\":\"B\u00f3bita B\u00e1bsz\u00ednh\u00e1z\"},\"image\":{\"@id\":\"https:\/\/bobita.hu\/#\/schema\/logo\/image\/\"},\"sameAs\":[\"https:\/\/www.facebook.com\/bobitababszinhaz\",\"https:\/\/www.instagram.com\/bobitababszinhaz\/\"]}]}<\/script>\n<!-- \/ Yoast SEO plugin. -->","yoast_head_json":{"title":"Vissza\u00e9l\u00e9si bejelent\u00e9s - B\u00f3bita B\u00e1bsz\u00ednh\u00e1z","robots":{"index":"index","follow":"follow","max-snippet":"max-snippet:-1","max-image-preview":"max-image-preview:large","max-video-preview":"max-video-preview:-1"},"canonical":"https:\/\/bobita.hu\/en\/visszaelesi-bejelentes\/","og_locale":"en_GB","og_type":"article","og_title":"Vissza\u00e9l\u00e9si bejelent\u00e9s - B\u00f3bita B\u00e1bsz\u00ednh\u00e1z","og_description":"Vissza\u00e9l\u00e9si bejelent\u00e9s Sz\u00fcks\u00e9ges dokumentumok: Adatkezel\u00e9si t\u00e1j\u00e9koztat\u00f3 a bejelent\u0151knek Gyakran Ism\u00e9telt K\u00e9rd\u00e9sek a vissza\u00e9l\u00e9s-bejelent\u00e9si rendszerrel kapcsolatban T\u00e1j\u00e9koztat\u00f3 a bejelent\u00e9sre jogosultaknak Vissza\u00e9l\u00e9s-bejelent\u00e9si szab\u00e1lyzat","og_url":"https:\/\/bobita.hu\/en\/visszaelesi-bejelentes\/","og_site_name":"B\u00f3bita B\u00e1bsz\u00ednh\u00e1z","article_publisher":"https:\/\/www.facebook.com\/bobitababszinhaz","article_modified_time":"2025-01-13T08:02:11+00:00","og_image":[{"width":400,"height":400,"url":"https:\/\/bobita.hu\/wp-content\/uploads\/2025\/01\/Bobita-Babszinhaz-Nonprofit-Korlatolt-Felelossegu-Tarsasag-QR.png","type":"image\/png"}],"twitter_card":"summary_large_image","twitter_misc":{"Estimated reading time":"1 minute"},"schema":{"@context":"https:\/\/schema.org","@graph":[{"@type":"WebPage","@id":"https:\/\/bobita.hu\/visszaelesi-bejelentes\/","url":"https:\/\/bobita.hu\/visszaelesi-bejelentes\/","name":"Vissza\u00e9l\u00e9si bejelent\u00e9s - B\u00f3bita B\u00e1bsz\u00ednh\u00e1z","isPartOf":{"@id":"https:\/\/bobita.hu\/#website"},"primaryImageOfPage":{"@id":"https:\/\/bobita.hu\/visszaelesi-bejelentes\/#primaryimage"},"image":{"@id":"https:\/\/bobita.hu\/visszaelesi-bejelentes\/#primaryimage"},"thumbnailUrl":"https:\/\/bobita.hu\/wp-content\/uploads\/2025\/01\/Bobita-Babszinhaz-Nonprofit-Korlatolt-Felelossegu-Tarsasag-QR.png","datePublished":"2025-01-13T07:56:36+00:00","dateModified":"2025-01-13T08:02:11+00:00","breadcrumb":{"@id":"https:\/\/bobita.hu\/visszaelesi-bejelentes\/#breadcrumb"},"inLanguage":"en-GB","potentialAction":[{"@type":"ReadAction","target":["https:\/\/bobita.hu\/visszaelesi-bejelentes\/"]}]},{"@type":"ImageObject","inLanguage":"en-GB","@id":"https:\/\/bobita.hu\/visszaelesi-bejelentes\/#primaryimage","url":"https:\/\/bobita.hu\/wp-content\/uploads\/2025\/01\/Bobita-Babszinhaz-Nonprofit-Korlatolt-Felelossegu-Tarsasag-QR.png","contentUrl":"https:\/\/bobita.hu\/wp-content\/uploads\/2025\/01\/Bobita-Babszinhaz-Nonprofit-Korlatolt-Felelossegu-Tarsasag-QR.png"},{"@type":"BreadcrumbList","@id":"https:\/\/bobita.hu\/visszaelesi-bejelentes\/#breadcrumb","itemListElement":[{"@type":"ListItem","position":1,"name":"Kezd\u0151lap","item":"https:\/\/bobita.hu\/"},{"@type":"ListItem","position":2,"name":"Vissza\u00e9l\u00e9si bejelent\u00e9s"}]},{"@type":"WebSite","@id":"https:\/\/bobita.hu\/#website","url":"https:\/\/bobita.hu\/","name":"B\u00f3bita B\u00e1bsz\u00ednh\u00e1z","description":"","publisher":{"@id":"https:\/\/bobita.hu\/#organization"},"potentialAction":[{"@type":"SearchAction","target":{"@type":"EntryPoint","urlTemplate":"https:\/\/bobita.hu\/?s={search_term_string}"},"query-input":{"@type":"PropertyValueSpecification","valueRequired":true,"valueName":"search_term_string"}}],"inLanguage":"en-GB"},{"@type":"Organization","@id":"https:\/\/bobita.hu\/#organization","name":"B\u00f3bita B\u00e1bsz\u00ednh\u00e1z","url":"https:\/\/bobita.hu\/","logo":{"@type":"ImageObject","inLanguage":"en-GB","@id":"https:\/\/bobita.hu\/#\/schema\/logo\/image\/","url":"https:\/\/bobita.hu\/wp-content\/uploads\/2023\/03\/bobitababszinhaz-szines-preview.png","contentUrl":"https:\/\/bobita.hu\/wp-content\/uploads\/2023\/03\/bobitababszinhaz-szines-preview.png","width":500,"height":244,"caption":"B\u00f3bita B\u00e1bsz\u00ednh\u00e1z"},"image":{"@id":"https:\/\/bobita.hu\/#\/schema\/logo\/image\/"},"sameAs":["https:\/\/www.facebook.com\/bobitababszinhaz","https:\/\/www.instagram.com\/bobitababszinhaz\/"]}]}},"_links":{"self":[{"href":"https:\/\/bobita.hu\/en\/wp-json\/wp\/v2\/pages\/3688","targetHints":{"allow":["GET"]}}],"collection":[{"href":"https:\/\/bobita.hu\/en\/wp-json\/wp\/v2\/pages"}],"about":[{"href":"https:\/\/bobita.hu\/en\/wp-json\/wp\/v2\/types\/page"}],"author":[{"embeddable":true,"href":"https:\/\/bobita.hu\/en\/wp-json\/wp\/v2\/users\/1"}],"replies":[{"embeddable":true,"href":"https:\/\/bobita.hu\/en\/wp-json\/wp\/v2\/comments?post=3688"}],"version-history":[{"count":13,"href":"https:\/\/bobita.hu\/en\/wp-json\/wp\/v2\/pages\/3688\/revisions"}],"predecessor-version":[{"id":3707,"href":"https:\/\/bobita.hu\/en\/wp-json\/wp\/v2\/pages\/3688\/revisions\/3707"}],"wp:attachment":[{"href":"https:\/\/bobita.hu\/en\/wp-json\/wp\/v2\/media?parent=3688"}],"curies":[{"name":"wp","href":"https:\/\/api.w.org\/{rel}","templated":true}]}}